{"id":4229,"date":"2022-01-04T20:57:15","date_gmt":"2022-01-04T19:57:15","guid":{"rendered":"https:\/\/mn-ograde.eu\/?page_id=4229"},"modified":"2022-01-04T20:57:16","modified_gmt":"2022-01-04T19:57:16","slug":"dpo-kontakt","status":"publish","type":"page","link":"https:\/\/www.mn-ograde.eu\/sl\/center-zasebnosti\/dpo-kontakt\/","title":{"rendered":"DPO kontakt"},"content":{"rendered":"<form action=\"\/sl\/wp-json\/wp\/v2\/pages\/4229\" class=\"wordpress-gdpr-form wordpress-gdpr-form-contact-dpo\" method=\"post\" data-trp-original-action=\"\/sl\/wp-json\/wp\/v2\/pages\/4229\"><input type=\"hidden\" name=\"wordpress_gdpr_form_type\" value=\"contact-dpo\"><div class=\"form-group\"><label for=\"gdpr_firstname\">Va\u0161e ime (*)<\/label><input class=\"form-control\" type=\"text\" name=\"gdpr_firstname\" value=\"\" required \/><\/div><div class=\"form-group\"><label for=\"gdpr_lastname\">Va\u0161 priimek (*)<\/label><input class=\"form-control\" type=\"text\" name=\"gdpr_lastname\" value=\"\" required \/><\/div><div class=\"form-group\"><label for=\"gdpr_email\">Va\u0161a E-po\u0161ta (*)<\/label><input class=\"form-control\" type=\"email\" name=\"gdpr_email\" value=\"\" required \/><\/div><div class=\"form-group\"><label for=\"gdpr_message\">Sporo\u010dilo (*)<\/label><textarea class=\"form-control\" name=\"gdpr_message\" required \/><\/textarea><\/div><div class=\"form-group\"><label for=\"gdpr_terms\"><input id=\"gdpr_terms\" class=\"form-control\" type=\"checkbox\" name=\"gdpr_terms\" value=\"1\" required \/><span class=\"gdpr-accept-conditiones-text\">Strinjam se s politiko zasebnosti in uporabo mojih podatki za obdelave GDPR zahteve.<\/span><\/label><\/div><input type=\"submit\" name=\"gdpr_submitted\" value=\"Po\u0161lji\"\/><input type=\"hidden\" name=\"trp-form-language\" value=\"sl\"\/><\/form>","protected":false},"excerpt":{"rendered":"Va\u0161e ime (*)Va\u0161 priimek (*)Va\u0161a E-po\u0161ta (*)Sporo\u010dilo (*)Strinjam se s politiko zasebnosti in uporabo mojih podatki za obdelave GDPR zahteve.","protected":false},"author":1,"featured_media":0,"parent":4213,"menu_order":0,"comment_status":"closed","ping_status":"closed","template":"","meta":{"footnotes":""},"class_list":["post-4229","page","type-page","status-publish","hentry"],"yoast_head":"<!-- This site is optimized with the Yoast SEO plugin v27.4 - https:\/\/yoast.com\/product\/yoast-seo-wordpress\/ -->\n<title>DPO kontakt - MN ograde<\/title>\n<meta name=\"robots\" content=\"index, follow, max-snippet:-1, max-image-preview:large, max-video-preview:-1\" \/>\n<link rel=\"canonical\" href=\"https:\/\/www.mn-ograde.eu\/sl\/center-zasebnosti\/dpo-kontakt\/\" \/>\n<meta property=\"og:locale\" content=\"sl_SI\" \/>\n<meta property=\"og:type\" content=\"article\" \/>\n<meta property=\"og:title\" content=\"DPO kontakt - MN ograde\" \/>\n<meta property=\"og:url\" content=\"https:\/\/www.mn-ograde.eu\/sl\/center-zasebnosti\/dpo-kontakt\/\" \/>\n<meta property=\"og:site_name\" content=\"MN ograde\" \/>\n<meta property=\"article:modified_time\" content=\"2022-01-04T19:57:16+00:00\" \/>\n<meta name=\"twitter:card\" content=\"summary_large_image\" \/>\n<meta name=\"twitter:label1\" content=\"Est. reading time\" \/>\n\t<meta name=\"twitter:data1\" content=\"1 minuta\" \/>\n<script type=\"application\/ld+json\" class=\"yoast-schema-graph\">{\"@context\":\"https:\\\/\\\/schema.org\",\"@graph\":[{\"@type\":\"WebPage\",\"@id\":\"https:\\\/\\\/www.mn-ograde.eu\\\/center-zasebnosti\\\/dpo-kontakt\\\/\",\"url\":\"https:\\\/\\\/www.mn-ograde.eu\\\/center-zasebnosti\\\/dpo-kontakt\\\/\",\"name\":\"DPO kontakt - MN ograde\",\"isPartOf\":{\"@id\":\"https:\\\/\\\/www.mn-ograde.eu\\\/#website\"},\"datePublished\":\"2022-01-04T19:57:15+00:00\",\"dateModified\":\"2022-01-04T19:57:16+00:00\",\"breadcrumb\":{\"@id\":\"https:\\\/\\\/www.mn-ograde.eu\\\/center-zasebnosti\\\/dpo-kontakt\\\/#breadcrumb\"},\"inLanguage\":\"sl-SI\",\"potentialAction\":[{\"@type\":\"ReadAction\",\"target\":[\"https:\\\/\\\/www.mn-ograde.eu\\\/center-zasebnosti\\\/dpo-kontakt\\\/\"]}]},{\"@type\":\"BreadcrumbList\",\"@id\":\"https:\\\/\\\/www.mn-ograde.eu\\\/center-zasebnosti\\\/dpo-kontakt\\\/#breadcrumb\",\"itemListElement\":[{\"@type\":\"ListItem\",\"position\":1,\"name\":\"Home\",\"item\":\"https:\\\/\\\/www.mn-ograde.eu\\\/\"},{\"@type\":\"ListItem\",\"position\":2,\"name\":\"Center zasebnosti\",\"item\":\"https:\\\/\\\/www.mn-ograde.eu\\\/center-zasebnosti\\\/\"},{\"@type\":\"ListItem\",\"position\":3,\"name\":\"DPO kontakt\"}]},{\"@type\":\"WebSite\",\"@id\":\"https:\\\/\\\/www.mn-ograde.eu\\\/#website\",\"url\":\"https:\\\/\\\/www.mn-ograde.eu\\\/\",\"name\":\"MN ograde\",\"description\":\"\",\"publisher\":{\"@id\":\"https:\\\/\\\/www.mn-ograde.eu\\\/#organization\"},\"potentialAction\":[{\"@type\":\"SearchAction\",\"target\":{\"@type\":\"EntryPoint\",\"urlTemplate\":\"https:\\\/\\\/www.mn-ograde.eu\\\/?s={search_term_string}\"},\"query-input\":{\"@type\":\"PropertyValueSpecification\",\"valueRequired\":true,\"valueName\":\"search_term_string\"}}],\"inLanguage\":\"sl-SI\"},{\"@type\":\"Organization\",\"@id\":\"https:\\\/\\\/www.mn-ograde.eu\\\/#organization\",\"name\":\"Steklene, ALU in INOX ograje | MN Ograje\",\"url\":\"https:\\\/\\\/www.mn-ograde.eu\\\/\",\"logo\":{\"@type\":\"ImageObject\",\"inLanguage\":\"sl-SI\",\"@id\":\"https:\\\/\\\/www.mn-ograde.eu\\\/#\\\/schema\\\/logo\\\/image\\\/\",\"url\":\"https:\\\/\\\/mn-ograde.eu\\\/wp-content\\\/uploads\\\/2022\\\/02\\\/mn-ograje-mn-grup-doo.jpg\",\"contentUrl\":\"https:\\\/\\\/mn-ograde.eu\\\/wp-content\\\/uploads\\\/2022\\\/02\\\/mn-ograje-mn-grup-doo.jpg\",\"width\":350,\"height\":350,\"caption\":\"Steklene, ALU in INOX ograje | MN Ograje\"},\"image\":{\"@id\":\"https:\\\/\\\/www.mn-ograde.eu\\\/#\\\/schema\\\/logo\\\/image\\\/\"}}]}<\/script>\n<!-- \/ Yoast SEO plugin. -->","yoast_head_json":{"title":"DPO kontakt - MN ograde","robots":{"index":"index","follow":"follow","max-snippet":"max-snippet:-1","max-image-preview":"max-image-preview:large","max-video-preview":"max-video-preview:-1"},"canonical":"https:\/\/www.mn-ograde.eu\/sl\/center-zasebnosti\/dpo-kontakt\/","og_locale":"sl_SI","og_type":"article","og_title":"DPO kontakt - MN ograde","og_url":"https:\/\/www.mn-ograde.eu\/sl\/center-zasebnosti\/dpo-kontakt\/","og_site_name":"MN ograde","article_modified_time":"2022-01-04T19:57:16+00:00","twitter_card":"summary_large_image","twitter_misc":{"Est. reading time":"1 minuta"},"schema":{"@context":"https:\/\/schema.org","@graph":[{"@type":"WebPage","@id":"https:\/\/www.mn-ograde.eu\/center-zasebnosti\/dpo-kontakt\/","url":"https:\/\/www.mn-ograde.eu\/center-zasebnosti\/dpo-kontakt\/","name":"DPO kontakt - MN ograde","isPartOf":{"@id":"https:\/\/www.mn-ograde.eu\/#website"},"datePublished":"2022-01-04T19:57:15+00:00","dateModified":"2022-01-04T19:57:16+00:00","breadcrumb":{"@id":"https:\/\/www.mn-ograde.eu\/center-zasebnosti\/dpo-kontakt\/#breadcrumb"},"inLanguage":"sl-SI","potentialAction":[{"@type":"ReadAction","target":["https:\/\/www.mn-ograde.eu\/center-zasebnosti\/dpo-kontakt\/"]}]},{"@type":"BreadcrumbList","@id":"https:\/\/www.mn-ograde.eu\/center-zasebnosti\/dpo-kontakt\/#breadcrumb","itemListElement":[{"@type":"ListItem","position":1,"name":"Home","item":"https:\/\/www.mn-ograde.eu\/"},{"@type":"ListItem","position":2,"name":"Center zasebnosti","item":"https:\/\/www.mn-ograde.eu\/center-zasebnosti\/"},{"@type":"ListItem","position":3,"name":"DPO kontakt"}]},{"@type":"WebSite","@id":"https:\/\/www.mn-ograde.eu\/#website","url":"https:\/\/www.mn-ograde.eu\/","name":"MN ograde","description":"","publisher":{"@id":"https:\/\/www.mn-ograde.eu\/#organization"},"potentialAction":[{"@type":"SearchAction","target":{"@type":"EntryPoint","urlTemplate":"https:\/\/www.mn-ograde.eu\/?s={search_term_string}"},"query-input":{"@type":"PropertyValueSpecification","valueRequired":true,"valueName":"search_term_string"}}],"inLanguage":"sl-SI"},{"@type":"Organization","@id":"https:\/\/www.mn-ograde.eu\/#organization","name":"Steklene, ALU in INOX ograje | MN Ograje","url":"https:\/\/www.mn-ograde.eu\/","logo":{"@type":"ImageObject","inLanguage":"sl-SI","@id":"https:\/\/www.mn-ograde.eu\/#\/schema\/logo\/image\/","url":"https:\/\/mn-ograde.eu\/wp-content\/uploads\/2022\/02\/mn-ograje-mn-grup-doo.jpg","contentUrl":"https:\/\/mn-ograde.eu\/wp-content\/uploads\/2022\/02\/mn-ograje-mn-grup-doo.jpg","width":350,"height":350,"caption":"Steklene, ALU in INOX ograje | MN Ograje"},"image":{"@id":"https:\/\/www.mn-ograde.eu\/#\/schema\/logo\/image\/"}}]}},"_links":{"self":[{"href":"https:\/\/www.mn-ograde.eu\/sl\/wp-json\/wp\/v2\/pages\/4229","targetHints":{"allow":["GET"]}}],"collection":[{"href":"https:\/\/www.mn-ograde.eu\/sl\/wp-json\/wp\/v2\/pages"}],"about":[{"href":"https:\/\/www.mn-ograde.eu\/sl\/wp-json\/wp\/v2\/types\/page"}],"author":[{"embeddable":true,"href":"https:\/\/www.mn-ograde.eu\/sl\/wp-json\/wp\/v2\/users\/1"}],"replies":[{"embeddable":true,"href":"https:\/\/www.mn-ograde.eu\/sl\/wp-json\/wp\/v2\/comments?post=4229"}],"version-history":[{"count":0,"href":"https:\/\/www.mn-ograde.eu\/sl\/wp-json\/wp\/v2\/pages\/4229\/revisions"}],"up":[{"embeddable":true,"href":"https:\/\/www.mn-ograde.eu\/sl\/wp-json\/wp\/v2\/pages\/4213"}],"wp:attachment":[{"href":"https:\/\/www.mn-ograde.eu\/sl\/wp-json\/wp\/v2\/media?parent=4229"}],"curies":[{"name":"wp","href":"https:\/\/api.w.org\/{rel}","templated":true}]}}