{"id":1798,"date":"2020-09-03T12:03:10","date_gmt":"2020-09-03T11:03:10","guid":{"rendered":"https:\/\/mn-ograde.eu\/?page_id=1798"},"modified":"2022-11-05T11:28:57","modified_gmt":"2022-11-05T10:28:57","slug":"cenik","status":"publish","type":"page","link":"https:\/\/www.mn-ograde.eu\/sl\/cenik\/","title":{"rendered":"Cenik"},"content":{"rendered":"<div class=\"wpb-content-wrapper\"><div class=\"vc_row wpb_row vc_row-fluid vc_custom_1650382742745 vc_column-gap-20\"><div class=\"wpb_column vc_column_container vc_col-sm-12\"><div class=\"vc_column-inner\"><div class=\"wpb_wrapper\"><div class=\"cz_eqh cz_content_box_parent_fx\"><div id=\"cz2963\" class=\"cz2963 cz_content_box clr\"><div class=\"cz_box_front clr\"><div class=\"cz_box_front_inner clr\"><span><\/span><div><div id=\"cz_108237\" class=\"cz_108237 cz_title clr cz_title_pos_inline tac\"><div class=\"cz_title_content\"><div class=\"cz_wpe_content\"><h2 style=\"text-align: center;\">MN <span style=\"color: #da0c15;\"><strong>Cenik<\/strong><\/span><\/h2>\n<\/div><\/div><\/div><\/div><\/div><\/div><\/div><\/div><div id=\"cz_60339\" class=\"cz_60339 cz_title clr cz_title_ba_line cz_title_pos_inline\"><div class=\"cz_title_content\"><div class=\"cz_title_line cz_line_before_title\"><span>_<\/span><\/div><div class=\"cz_wpe_content\"><p style=\"text-align: left;\"><span style=\"line-height: 1;\"><span style=\"font-weight: 500;\"> <span style=\"font-weight: bold; font-size: 30px;\"><span style=\"color: #999999;\">VRHUNSKA KVALITETA<\/span> <\/span><\/span><span style=\"display: block; font-weight: 200; font-size: 4em; color: #da0c15;\">DOSTOPNA CENA<\/span><\/span><\/p>\n<div id=\"gtx-trans\" style=\"position: absolute; left: 102px; top: 117px;\">\n<div class=\"gtx-trans-icon\"><\/div>\n<\/div>\n<\/div><\/div><\/div><\/div><\/div><\/div><\/div><div data-vc-full-width=\"true\" data-vc-full-width-temp=\"true\" data-vc-full-width-init=\"false\" class=\"vc_row wpb_row vc_row-fluid vc_custom_1630516568185\"><div class=\"wpb_column vc_column_container vc_col-sm-3\"><div class=\"vc_column-inner\"><div class=\"wpb_wrapper\"><div class=\"cz_btn_center\"><div class=\"cz_60226_p\"><a id=\"cz_60226\" class=\"cz_60226 cz_btn cz_btn_txt_no_fx cz_btn_no_fx cz_btn_has_image\" href=\"#\"><span><i><img decoding=\"async\" class=\"\" src=\"https:\/\/www.mn-ograde.eu\/wp-content\/uploads\/2021\/07\/custom-design-2@3x-200x200.png\" width=\"200\" height=\"200\" alt=\"custom design 2@3x\" title=\"custom design 2@3x\" loading=\"lazy\" \/><img decoding=\"async\" class=\"\" src=\"https:\/\/www.mn-ograde.eu\/wp-content\/uploads\/2021\/07\/custom-design-2-red@3x-200x200.png\" width=\"200\" height=\"200\" alt=\"custom design 2 red@3x\" title=\"custom design 2 red@3x\" loading=\"lazy\" \/><\/i><strong><\/strong><\/span><b class=\"cz_btn_onhover\"><i><img decoding=\"async\" class=\"\" src=\"https:\/\/www.mn-ograde.eu\/wp-content\/uploads\/2021\/07\/custom-design-2@3x-200x200.png\" width=\"200\" height=\"200\" alt=\"custom design 2@3x\" title=\"custom design 2@3x\" loading=\"lazy\" \/><img decoding=\"async\" class=\"\" src=\"https:\/\/www.mn-ograde.eu\/wp-content\/uploads\/2021\/07\/custom-design-2-red@3x-200x200.png\" width=\"200\" height=\"200\" alt=\"custom design 2 red@3x\" title=\"custom design 2 red@3x\" loading=\"lazy\" \/><\/i><strong><\/strong><\/b><\/a><\/div><\/div><div id=\"cz_73924\" class=\"cz_73924 cz_title clr cz_mobile_text_center cz_title_pos_inline tac\"><div class=\"cz_title_content\"><div class=\"cz_wpe_content\"><h4 style=\"text-align: center;\">ZA DOM ALI POSLOVNI PROSTOR<\/h4>\n<div id=\"gtx-trans\" style=\"position: absolute; left: 210px; top: 43.2656px;\">\n<div class=\"gtx-trans-icon\"><\/div>\n<\/div>\n<\/div><\/div><\/div><\/div><\/div><\/div><div class=\"wpb_column vc_column_container vc_col-sm-3\"><div class=\"vc_column-inner\"><div class=\"wpb_wrapper\"><div class=\"cz_btn_center\"><div class=\"cz_104053_p\"><a id=\"cz_104053\" class=\"cz_104053 cz_btn cz_btn_txt_no_fx cz_btn_no_fx cz_btn_has_image\" href=\"#\"><span><i><img decoding=\"async\" class=\"\" src=\"https:\/\/www.mn-ograde.eu\/wp-content\/uploads\/2021\/07\/business-and-private-clients-2@3x-200x200.png\" width=\"200\" height=\"200\" alt=\"business and private clients 2@3x\" title=\"business and private clients 2@3x\" loading=\"lazy\" \/><img decoding=\"async\" class=\"\" src=\"https:\/\/www.mn-ograde.eu\/wp-content\/uploads\/2021\/07\/business-and-private-clients-red@3x-200x200.png\" width=\"200\" height=\"200\" alt=\"business and private clients red@3x\" title=\"business and private clients red@3x\" loading=\"lazy\" \/><\/i><strong><\/strong><\/span><b class=\"cz_btn_onhover\"><i><img decoding=\"async\" class=\"\" src=\"https:\/\/www.mn-ograde.eu\/wp-content\/uploads\/2021\/07\/business-and-private-clients-2@3x-200x200.png\" width=\"200\" height=\"200\" alt=\"business and private clients 2@3x\" title=\"business and private clients 2@3x\" loading=\"lazy\" \/><img decoding=\"async\" class=\"\" src=\"https:\/\/www.mn-ograde.eu\/wp-content\/uploads\/2021\/07\/business-and-private-clients-red@3x-200x200.png\" width=\"200\" height=\"200\" alt=\"business and private clients red@3x\" title=\"business and private clients red@3x\" loading=\"lazy\" \/><\/i><strong><\/strong><\/b><\/a><\/div><\/div><div id=\"cz_83154\" class=\"cz_83154 cz_title clr cz_mobile_text_center cz_title_pos_inline tac\"><div class=\"cz_title_content\"><div class=\"cz_wpe_content\"><h4 style=\"text-align: center;\">PRILAGAJANJE ZAHTEVAM STRANK<\/h4>\n<div id=\"gtx-trans\" style=\"position: absolute; left: 196px; top: 43.2656px;\">\n<div class=\"gtx-trans-icon\"><\/div>\n<\/div>\n<\/div><\/div><\/div><\/div><\/div><\/div><div class=\"wpb_column vc_column_container vc_col-sm-3\"><div class=\"vc_column-inner\"><div class=\"wpb_wrapper\"><div class=\"cz_btn_center\"><div class=\"cz_67231_p\"><a id=\"cz_67231\" class=\"cz_67231 cz_btn cz_btn_txt_no_fx cz_btn_no_fx cz_btn_has_image\" href=\"#\"><span><i><img decoding=\"async\" class=\"\" src=\"https:\/\/www.mn-ograde.eu\/wp-content\/uploads\/2021\/07\/free-measurement-2@3x-200x200.png\" width=\"200\" height=\"200\" alt=\"free measurement 2@3x\" title=\"free measurement 2@3x\" loading=\"lazy\" \/><img decoding=\"async\" class=\"\" src=\"https:\/\/www.mn-ograde.eu\/wp-content\/uploads\/2021\/07\/free-measurement-2-red@3x-200x200.png\" width=\"200\" height=\"200\" alt=\"free measurement 2 red@3x\" title=\"free measurement 2 red@3x\" loading=\"lazy\" \/><\/i><strong><\/strong><\/span><b class=\"cz_btn_onhover\"><i><img decoding=\"async\" class=\"\" src=\"https:\/\/www.mn-ograde.eu\/wp-content\/uploads\/2021\/07\/free-measurement-2@3x-200x200.png\" width=\"200\" height=\"200\" alt=\"free measurement 2@3x\" title=\"free measurement 2@3x\" loading=\"lazy\" \/><img decoding=\"async\" class=\"\" src=\"https:\/\/www.mn-ograde.eu\/wp-content\/uploads\/2021\/07\/free-measurement-2-red@3x-200x200.png\" width=\"200\" height=\"200\" alt=\"free measurement 2 red@3x\" title=\"free measurement 2 red@3x\" loading=\"lazy\" \/><\/i><strong><\/strong><\/b><\/a><\/div><\/div><div id=\"cz_15646\" class=\"cz_15646 cz_title clr cz_mobile_text_center cz_title_pos_inline tac\"><div class=\"cz_title_content\"><div class=\"cz_wpe_content\"><h4 style=\"text-align: center;\">BREZPLA\u010cNA<\/h4>\n<h4 style=\"text-align: center;\">IZMERA<\/h4>\n<div id=\"gtx-trans\" style=\"position: absolute; left: 179px; top: 43.2656px;\">\n<div class=\"gtx-trans-icon\"><\/div>\n<\/div>\n<\/div><\/div><\/div><\/div><\/div><\/div><div class=\"wpb_column vc_column_container vc_col-sm-3\"><div class=\"vc_column-inner\"><div class=\"wpb_wrapper\"><div class=\"cz_btn_center\"><div class=\"cz_36086_p\"><a id=\"cz_36086\" class=\"cz_36086 cz_btn cz_btn_txt_no_fx cz_btn_no_fx cz_btn_has_image\" href=\"#\"><span><i><img decoding=\"async\" class=\"\" src=\"https:\/\/www.mn-ograde.eu\/wp-content\/uploads\/2021\/07\/15-year-warranty-2@3x-200x200.png\" width=\"200\" height=\"200\" alt=\"15 year warranty 2@3x\" title=\"15 year warranty 2@3x\" loading=\"lazy\" \/><img decoding=\"async\" class=\"\" src=\"https:\/\/www.mn-ograde.eu\/wp-content\/uploads\/2021\/07\/15-year-warranty-2-red@3x-200x200.png\" width=\"200\" height=\"200\" alt=\"15 year warranty 2 red@3x\" title=\"15 year warranty 2 red@3x\" loading=\"lazy\" \/><\/i><strong><\/strong><\/span><b class=\"cz_btn_onhover\"><i><img decoding=\"async\" class=\"\" src=\"https:\/\/www.mn-ograde.eu\/wp-content\/uploads\/2021\/07\/15-year-warranty-2@3x-200x200.png\" width=\"200\" height=\"200\" alt=\"15 year warranty 2@3x\" title=\"15 year warranty 2@3x\" loading=\"lazy\" \/><img decoding=\"async\" class=\"\" src=\"https:\/\/www.mn-ograde.eu\/wp-content\/uploads\/2021\/07\/15-year-warranty-2-red@3x-200x200.png\" width=\"200\" height=\"200\" alt=\"15 year warranty 2 red@3x\" title=\"15 year warranty 2 red@3x\" loading=\"lazy\" \/><\/i><strong><\/strong><\/b><\/a><\/div><\/div><div id=\"cz_109043\" class=\"cz_109043 cz_title clr cz_mobile_text_center cz_title_pos_inline tac\"><div class=\"cz_title_content\"><div class=\"cz_wpe_content\"><h4 style=\"text-align: center;\">15 LET<\/h4>\n<h4 style=\"text-align: center;\">GARANCIJE<\/h4>\n<div id=\"gtx-trans\" style=\"position: absolute; left: 185px; top: 43.2656px;\">\n<div class=\"gtx-trans-icon\"><\/div>\n<\/div>\n<\/div><\/div><\/div><\/div><\/div><\/div><\/div><div class=\"vc_row-full-width vc_clearfix\"><\/div><div class=\"vc_row wpb_row vc_row-fluid\"><div class=\"wpb_column vc_column_container vc_col-sm-12\"><div class=\"vc_column-inner\"><div class=\"wpb_wrapper\"><div id=\"cz_34238\" class=\"cz_34238 cz_title clr cz_title_pos_inline tac\"><div class=\"cz_title_content\"><span class=\"cz_line_side_solo\">_<\/span><div class=\"cz_wpe_content\"><p style=\"text-align: center;\"><span style=\"font-family: inherit; font-size: 38px;\"><span style=\"font-weight: 900; color: #da0c15;\">nas Kontaktirajte <\/span><span style=\"font-weight: 200; color: #990000;\">za potpuno prilago\u0111enu ponudu<\/span> <\/span><\/p>\n<div id=\"gtx-trans\" style=\"position: absolute; left: 179px; top: -5px;\">\n<div class=\"gtx-trans-icon\"><\/div>\n<\/div>\n<\/div><span class=\"cz_line_side_solo cz_line_side_after\" style=\"left:1px\">_<\/span><\/div><\/div><\/div><\/div><\/div><div class=\"wpb_column vc_column_container vc_col-sm-12\"><div class=\"vc_column-inner\"><div class=\"wpb_wrapper\"><div id=\"cz_21711\" class=\"cz_21711 cz_2_btn cz_2_btn_center\"><a class=\"cz_btn btn1\"  href=\"tel:00386802200\"><strong>00 386 80 22 00<\/strong><\/a><div class=\"cz_2_btn_sep style5\"><i><span>ALI<\/span><\/i><\/div><a class=\"cz_btn btn2\"  href=\"mailto:info@mn-ograde.eu\"><strong>info@mn-ograde.eu<\/strong><\/a><\/div><div class=\"clr\"><\/div><\/div><\/div><\/div><\/div><div class=\"vc_row wpb_row vc_row-fluid vc_custom_1650384813179 vc_row-has-fill vc_row-o-content-middle vc_row-flex\"><div class=\"wpb_column vc_column_container vc_col-sm-6\"><div class=\"vc_column-inner\"><div class=\"wpb_wrapper\"><div id=\"cz_57028\" class=\"cz_57028 cz_title clr cz_title_pos_inline tac\"><div class=\"cz_title_content\"><div class=\"cz_wpe_content\"><h3 style=\"text-align: center;\">KATALOG MN OGRAJE<\/h3>\n<p>Kliknite na sliko za ogled virtualnega kataloga<\/p>\n<div id=\"gtx-trans\" style=\"position: absolute; left: 260px; top: 39.5156px;\">\n<div class=\"gtx-trans-icon\"><\/div>\n<\/div>\n<\/div><\/div><\/div><div class=\"cz_gap clr\" style=\"height: 20px\"><\/div><\/div><\/div><\/div><div class=\"wpb_column vc_column_container vc_col-sm-6\"><div class=\"vc_column-inner\"><div class=\"wpb_wrapper\">\n\t<div  class=\"wpb_single_image wpb_content_element vc_align_center wpb_content_element\">\n\t\t\n\t\t<figure class=\"wpb_wrapper vc_figure\">\n\t\t\t<a href=\"https:\/\/mn-ograde.eu\/wp-content\/uploads\/2021\/06\/SLO-mn-katalog.pdf\" target=\"_self\" class=\"vc_single_image-wrapper   vc_box_border_grey\"><img decoding=\"async\" width=\"1109\" height=\"778\" src=\"https:\/\/www.mn-ograde.eu\/wp-content\/uploads\/2022\/04\/katalog-1.jpg\" class=\"vc_single_image-img attachment-full\" alt=\"Katalog 1\" title=\"katalog-1\" srcset=\"https:\/\/www.mn-ograde.eu\/wp-content\/uploads\/2022\/04\/katalog-1.jpg 1109w, https:\/\/www.mn-ograde.eu\/wp-content\/uploads\/2022\/04\/katalog-1-300x210.jpg 300w, https:\/\/www.mn-ograde.eu\/wp-content\/uploads\/2022\/04\/katalog-1-1024x718.jpg 1024w, https:\/\/www.mn-ograde.eu\/wp-content\/uploads\/2022\/04\/katalog-1-768x539.jpg 768w, https:\/\/www.mn-ograde.eu\/wp-content\/uploads\/2022\/04\/katalog-1-600x421.jpg 600w\" sizes=\"auto, (max-width: 1109px) 100vw, 1109px\" loading=\"lazy\" \/><\/a>\n\t\t<\/figure>\n\t<\/div>\n<\/div><\/div><\/div><\/div><div class=\"vc_row wpb_row vc_row-fluid vc_custom_1625920777102 vc_row-has-fill vc_row-o-content-middle vc_row-flex\"><div class=\"wpb_column vc_column_container vc_col-sm-6\"><div class=\"vc_column-inner\"><div class=\"wpb_wrapper\">\n\t<div  class=\"wpb_single_image wpb_content_element vc_align_left wpb_content_element\">\n\t\t\n\t\t<figure class=\"wpb_wrapper vc_figure\">\n\t\t\t<div class=\"vc_single_image-wrapper   vc_box_border_grey\"><img decoding=\"async\" width=\"1000\" height=\"667\" src=\"https:\/\/www.mn-ograde.eu\/wp-content\/uploads\/2021\/07\/mn-ograje-izkusnje.jpg\" class=\"vc_single_image-img attachment-full\" alt=\"Mn ograje izkusnje\" title=\"mn-ograje-izkusnje\" srcset=\"https:\/\/www.mn-ograde.eu\/wp-content\/uploads\/2021\/07\/mn-ograje-izkusnje.jpg 1000w, https:\/\/www.mn-ograde.eu\/wp-content\/uploads\/2021\/07\/mn-ograje-izkusnje-300x200.jpg 300w, https:\/\/www.mn-ograde.eu\/wp-content\/uploads\/2021\/07\/mn-ograje-izkusnje-768x512.jpg 768w, https:\/\/www.mn-ograde.eu\/wp-content\/uploads\/2021\/07\/mn-ograje-izkusnje-600x400.jpg 600w\" sizes=\"auto, (max-width: 1000px) 100vw, 1000px\" loading=\"lazy\" \/><\/div>\n\t\t<\/figure>\n\t<\/div>\n<\/div><\/div><\/div><div class=\"wpb_column vc_column_container vc_col-sm-6\"><div class=\"vc_column-inner\"><div class=\"wpb_wrapper\"><div id=\"cz_67315\" class=\"cz_67315 cz_title clr cz_title_pos_inline tac\"><div class=\"cz_title_content\"><div class=\"cz_wpe_content\"><h3 style=\"text-align: center;\">O NA\u0160EM PODJETJU<\/h3>\n<p>&nbsp;<\/p>\n<p style=\"text-align: center;\"><span style=\"font-size: 18px;\">V na\u0161em podjetju MN GROUP d.o.o. izdelujemo in montiramo aluminijaste ograjne sisteme, ki so primerni za stanovanjske hi\u0161e in poslovne objekte. Pri adaptacijah in novogradnjah se projektanti, investitorji ter posamezniki odlo\u010dajo za materiale, ki so ve\u010dni in ne potrebujejo vzdr\u017eevanja, poleg tega pa so modernega in estetskega videza. Aluminijaste ograje nudijo vse omenjene lastnosti.<\/span><\/p>\n<\/div><\/div><\/div><div class=\"cz_gap clr\" style=\"height: 20px\"><\/div><div class=\"cz_btn_center\"><div class=\"cz_22938_p\"><a id=\"cz_22938\" class=\"cz_22938 cz_btn cz_btn_txt_move_right cz_btn_no_fx\" href=\"\/sl\/reference\/\" target=\"_blank\" title=\"Reference\" role=\"button\" tabindex=\"0\" aria-label=\"Reference\"><span><strong>KONTAKT<\/strong><\/span><b class=\"cz_btn_onhover\"><strong>KONTAKT<\/strong><\/b><\/a><\/div><\/div><div class=\"cz_gap clr\" style=\"height: 20px\"><\/div><\/div><\/div><\/div><\/div><div class=\"vc_row wpb_row vc_row-fluid wpb_animate_when_almost_visible wpb_bounceInUp bounceInUp vc_custom_1650383794129 vc_row-has-fill vc_column-gap-25 vc_row-o-content-middle vc_row-flex\"><div class=\"wpb_column vc_column_container vc_col-sm-6\"><div class=\"vc_column-inner\"><div class=\"wpb_wrapper\"><div class=\"cz_eqh cz_content_box_parent_fx\"><div id=\"cz_71083\" class=\"cz_71083 cz_content_box clr\"><div class=\"cz_box_front clr\"><div class=\"cz_box_front_inner clr\"><span><\/span><div><div id=\"cz_46344\" class=\"cz_46344 cz_title clr cz_title_pos_inline\"><div class=\"cz_title_content\"><div class=\"cz_wpe_content\"><p><span style=\"font-size: 18px;\">Ponujamo vam popolnoma unikatno izku\u0161njo \u2013 vse razstavljene ograje si lahko ogledate v na\u0161em <strong><a href=\"\/sl\/virtualni-ogled-salona\/\" target=\"_blank\" rel=\"noopener noreferrer\">virtualnem salonu.<\/a><\/strong>.<\/span><\/p>\n<p>&nbsp;<\/p>\n<p><span style=\"font-size: 18px;\">Za ponudbo, prilagojeno va\u0161im pri\u010dakovanjem, <\/span><\/p>\n<p><span style=\"font-size: 18px;\">nas kontaktirajte na <a href=\"mailto:info@mn-ograde.eu\"><strong><span class=\"it_text ml10\">info@mn-ograde.eu<\/span><\/strong><\/a><\/span><\/p>\n<div id=\"gtx-trans\" style=\"position: absolute; left: 67px; top: 128px;\">\n<div class=\"gtx-trans-icon\"><\/div>\n<\/div>\n<\/div><\/div><\/div><div class=\"relative\"><div id=\"cz_43469\" class=\"cz_43469 cz_line tal\"><\/div><\/div><div class=\"clr\"><\/div><div id=\"cz_83864\" class=\"cz_83864 cz_title clr cz_title_pos_inline\"><div class=\"cz_title_content\"><div class=\"cz_wpe_content\"><h3 class=\"translation-block\">Za posvet s prodajnim svetovalcem <strong>pokli\u010dite <\/strong><span style=\"color: #da0c15\"><strong>080 22 00<\/strong><\/span><\/h3>\n<p>&nbsp;<\/p>\n<p><span style=\"font-size: 18px;\">Za ponudbo, prilagojeno va\u0161im pri\u010dakovanjem, <\/span><\/p>\n<p><span style=\"font-size: 18px;\">nas kontaktirajte na <span style=\"color: #da0c15;\"><a style=\"color: #da0c15;\" href=\"mailto:info@mn-ograde.eu\"><strong><span class=\"it_text ml10\">info@mn-ograde.eu<\/span><\/strong><\/a><\/span><\/span><\/p>\n<div id=\"gtx-trans\" style=\"position: absolute; left: 134px; top: 158.594px;\">\n<div class=\"gtx-trans-icon\"><\/div>\n<\/div>\n<\/div><\/div><\/div><\/div><\/div><\/div><\/div><\/div><\/div><\/div><\/div><div class=\"wpb_column vc_column_container vc_col-sm-6\"><div class=\"vc_column-inner\"><div class=\"wpb_wrapper\"><a href=\"\/sl\/virtualni-ogled-salona\/\" title=\"Ogled salona MN Group\" role=\"button\" tabindex=\"0\" aria-label=\"Ogled salona MN Group\"><div id=\"cz_44448\" data-position=\"top-right\" class=\"cz_44448 cz_image clr cz_image_no_fx center_on_mobile\"><div class=\"\" ><div class=\"cz_image_in\"><div class=\"cz_main_image\"><img fetchpriority=\"high\" loading=\"eager\" decoding=\"sync\" data-no-lazy=\"1\" width=\"1000\" height=\"643\" src=\"https:\/\/www.mn-ograde.eu\/wp-content\/uploads\/2021\/12\/mnograje-virtualni-salon-nohover.jpg\" class=\"attachment-full\" alt=\"Mnograje virtualni salon nohover\" title=\"mnograje-virtualni-salon-nohover\" srcset=\"https:\/\/www.mn-ograde.eu\/wp-content\/uploads\/2021\/12\/mnograje-virtualni-salon-nohover.jpg 1000w, https:\/\/www.mn-ograde.eu\/wp-content\/uploads\/2021\/12\/mnograje-virtualni-salon-nohover-300x193.jpg 300w, https:\/\/www.mn-ograde.eu\/wp-content\/uploads\/2021\/12\/mnograje-virtualni-salon-nohover-768x494.jpg 768w, https:\/\/www.mn-ograde.eu\/wp-content\/uploads\/2021\/12\/mnograje-virtualni-salon-nohover-600x386.jpg 600w\" sizes=\"(max-width: 1000px) 100vw, 1000px\"  \/><\/div><\/div><\/div><\/div><\/a><\/div><\/div><\/div><\/div>\n<\/div>","protected":false},"excerpt":{"rendered":"MN Cenik _ VRHUNSKA KVALITETA PRISTUPA\u010cNA CIJENA ZA DOM ILI POSLOVNI PROSTOR PRILAGO\u0110AVANJE ZAHTJEVIMA KLIJENATA BESPLATNO MJERENJE 15 GODINA JAMSTVA","protected":false},"author":1,"featured_media":0,"parent":0,"menu_order":0,"comment_status":"closed","ping_status":"closed","template":"","meta":{"footnotes":""},"class_list":["post-1798","page","type-page","status-publish","hentry"],"yoast_head":"<!-- This site is optimized with the Yoast SEO plugin v27.4 - https:\/\/yoast.com\/product\/yoast-seo-wordpress\/ -->\n<title>Cenik - MN ograde<\/title>\n<meta name=\"robots\" content=\"index, follow, max-snippet:-1, max-image-preview:large, max-video-preview:-1\" \/>\n<link rel=\"canonical\" href=\"https:\/\/www.mn-ograde.eu\/sl\/cenik\/\" \/>\n<meta property=\"og:locale\" content=\"sl_SI\" \/>\n<meta property=\"og:type\" content=\"article\" \/>\n<meta property=\"og:title\" content=\"Cenik - MN ograde\" \/>\n<meta property=\"og:url\" content=\"https:\/\/www.mn-ograde.eu\/sl\/cenik\/\" \/>\n<meta property=\"og:site_name\" content=\"MN ograde\" \/>\n<meta property=\"article:modified_time\" content=\"2022-11-05T10:28:57+00:00\" \/>\n<meta name=\"twitter:card\" content=\"summary_large_image\" \/>\n<meta name=\"twitter:label1\" content=\"Est. reading time\" \/>\n\t<meta name=\"twitter:data1\" content=\"2 minuti\" \/>\n<script type=\"application\/ld+json\" class=\"yoast-schema-graph\">{\"@context\":\"https:\\\/\\\/schema.org\",\"@graph\":[{\"@type\":\"WebPage\",\"@id\":\"https:\\\/\\\/www.mn-ograde.eu\\\/cenik\\\/\",\"url\":\"https:\\\/\\\/www.mn-ograde.eu\\\/cenik\\\/\",\"name\":\"Cenik - MN ograde\",\"isPartOf\":{\"@id\":\"https:\\\/\\\/www.mn-ograde.eu\\\/#website\"},\"datePublished\":\"2020-09-03T11:03:10+00:00\",\"dateModified\":\"2022-11-05T10:28:57+00:00\",\"breadcrumb\":{\"@id\":\"https:\\\/\\\/www.mn-ograde.eu\\\/cenik\\\/#breadcrumb\"},\"inLanguage\":\"sl-SI\",\"potentialAction\":[{\"@type\":\"ReadAction\",\"target\":[\"https:\\\/\\\/www.mn-ograde.eu\\\/cenik\\\/\"]}]},{\"@type\":\"BreadcrumbList\",\"@id\":\"https:\\\/\\\/www.mn-ograde.eu\\\/cenik\\\/#breadcrumb\",\"itemListElement\":[{\"@type\":\"ListItem\",\"position\":1,\"name\":\"Home\",\"item\":\"https:\\\/\\\/www.mn-ograde.eu\\\/\"},{\"@type\":\"ListItem\",\"position\":2,\"name\":\"Cenik\"}]},{\"@type\":\"WebSite\",\"@id\":\"https:\\\/\\\/www.mn-ograde.eu\\\/#website\",\"url\":\"https:\\\/\\\/www.mn-ograde.eu\\\/\",\"name\":\"MN ograde\",\"description\":\"\",\"publisher\":{\"@id\":\"https:\\\/\\\/www.mn-ograde.eu\\\/#organization\"},\"potentialAction\":[{\"@type\":\"SearchAction\",\"target\":{\"@type\":\"EntryPoint\",\"urlTemplate\":\"https:\\\/\\\/www.mn-ograde.eu\\\/?s={search_term_string}\"},\"query-input\":{\"@type\":\"PropertyValueSpecification\",\"valueRequired\":true,\"valueName\":\"search_term_string\"}}],\"inLanguage\":\"sl-SI\"},{\"@type\":\"Organization\",\"@id\":\"https:\\\/\\\/www.mn-ograde.eu\\\/#organization\",\"name\":\"Steklene, ALU in INOX ograje | MN Ograje\",\"url\":\"https:\\\/\\\/www.mn-ograde.eu\\\/\",\"logo\":{\"@type\":\"ImageObject\",\"inLanguage\":\"sl-SI\",\"@id\":\"https:\\\/\\\/www.mn-ograde.eu\\\/#\\\/schema\\\/logo\\\/image\\\/\",\"url\":\"https:\\\/\\\/mn-ograde.eu\\\/wp-content\\\/uploads\\\/2022\\\/02\\\/mn-ograje-mn-grup-doo.jpg\",\"contentUrl\":\"https:\\\/\\\/mn-ograde.eu\\\/wp-content\\\/uploads\\\/2022\\\/02\\\/mn-ograje-mn-grup-doo.jpg\",\"width\":350,\"height\":350,\"caption\":\"Steklene, ALU in INOX ograje | MN Ograje\"},\"image\":{\"@id\":\"https:\\\/\\\/www.mn-ograde.eu\\\/#\\\/schema\\\/logo\\\/image\\\/\"}}]}<\/script>\n<!-- \/ Yoast SEO plugin. -->","yoast_head_json":{"title":"Cenik - MN ograde","robots":{"index":"index","follow":"follow","max-snippet":"max-snippet:-1","max-image-preview":"max-image-preview:large","max-video-preview":"max-video-preview:-1"},"canonical":"https:\/\/www.mn-ograde.eu\/sl\/cenik\/","og_locale":"sl_SI","og_type":"article","og_title":"Cenik - MN ograde","og_url":"https:\/\/www.mn-ograde.eu\/sl\/cenik\/","og_site_name":"MN ograde","article_modified_time":"2022-11-05T10:28:57+00:00","twitter_card":"summary_large_image","twitter_misc":{"Est. reading time":"2 minuti"},"schema":{"@context":"https:\/\/schema.org","@graph":[{"@type":"WebPage","@id":"https:\/\/www.mn-ograde.eu\/cenik\/","url":"https:\/\/www.mn-ograde.eu\/cenik\/","name":"Cenik - MN ograde","isPartOf":{"@id":"https:\/\/www.mn-ograde.eu\/#website"},"datePublished":"2020-09-03T11:03:10+00:00","dateModified":"2022-11-05T10:28:57+00:00","breadcrumb":{"@id":"https:\/\/www.mn-ograde.eu\/cenik\/#breadcrumb"},"inLanguage":"sl-SI","potentialAction":[{"@type":"ReadAction","target":["https:\/\/www.mn-ograde.eu\/cenik\/"]}]},{"@type":"BreadcrumbList","@id":"https:\/\/www.mn-ograde.eu\/cenik\/#breadcrumb","itemListElement":[{"@type":"ListItem","position":1,"name":"Home","item":"https:\/\/www.mn-ograde.eu\/"},{"@type":"ListItem","position":2,"name":"Cenik"}]},{"@type":"WebSite","@id":"https:\/\/www.mn-ograde.eu\/#website","url":"https:\/\/www.mn-ograde.eu\/","name":"MN ograde","description":"","publisher":{"@id":"https:\/\/www.mn-ograde.eu\/#organization"},"potentialAction":[{"@type":"SearchAction","target":{"@type":"EntryPoint","urlTemplate":"https:\/\/www.mn-ograde.eu\/?s={search_term_string}"},"query-input":{"@type":"PropertyValueSpecification","valueRequired":true,"valueName":"search_term_string"}}],"inLanguage":"sl-SI"},{"@type":"Organization","@id":"https:\/\/www.mn-ograde.eu\/#organization","name":"Steklene, ALU in INOX ograje | MN Ograje","url":"https:\/\/www.mn-ograde.eu\/","logo":{"@type":"ImageObject","inLanguage":"sl-SI","@id":"https:\/\/www.mn-ograde.eu\/#\/schema\/logo\/image\/","url":"https:\/\/mn-ograde.eu\/wp-content\/uploads\/2022\/02\/mn-ograje-mn-grup-doo.jpg","contentUrl":"https:\/\/mn-ograde.eu\/wp-content\/uploads\/2022\/02\/mn-ograje-mn-grup-doo.jpg","width":350,"height":350,"caption":"Steklene, ALU in INOX ograje | MN Ograje"},"image":{"@id":"https:\/\/www.mn-ograde.eu\/#\/schema\/logo\/image\/"}}]}},"_links":{"self":[{"href":"https:\/\/www.mn-ograde.eu\/sl\/wp-json\/wp\/v2\/pages\/1798","targetHints":{"allow":["GET"]}}],"collection":[{"href":"https:\/\/www.mn-ograde.eu\/sl\/wp-json\/wp\/v2\/pages"}],"about":[{"href":"https:\/\/www.mn-ograde.eu\/sl\/wp-json\/wp\/v2\/types\/page"}],"author":[{"embeddable":true,"href":"https:\/\/www.mn-ograde.eu\/sl\/wp-json\/wp\/v2\/users\/1"}],"replies":[{"embeddable":true,"href":"https:\/\/www.mn-ograde.eu\/sl\/wp-json\/wp\/v2\/comments?post=1798"}],"version-history":[{"count":9,"href":"https:\/\/www.mn-ograde.eu\/sl\/wp-json\/wp\/v2\/pages\/1798\/revisions"}],"predecessor-version":[{"id":5230,"href":"https:\/\/www.mn-ograde.eu\/sl\/wp-json\/wp\/v2\/pages\/1798\/revisions\/5230"}],"wp:attachment":[{"href":"https:\/\/www.mn-ograde.eu\/sl\/wp-json\/wp\/v2\/media?parent=1798"}],"curies":[{"name":"wp","href":"https:\/\/api.w.org\/{rel}","templated":true}]}}